{"id":8426,"date":"2024-01-01T15:24:46","date_gmt":"2024-01-01T15:24:46","guid":{"rendered":"https:\/\/dimorea.gr\/?post_type=product&#038;p=8426"},"modified":"2024-03-21T15:24:46","modified_gmt":"2024-03-21T15:24:46","slug":"bio-olivenol-von-morea-5l","status":"publish","type":"product","link":"https:\/\/dimorea.gr\/de\/produkt\/bio-olivenol-von-morea-5l\/","title":{"rendered":"Bio-Oliven\u00f6l von Morea  | 5L"},"content":{"rendered":"<p>Sortenreines Griechisches Oliven\u00f6l aus der ber\u00fchmten Sorte Koronei und einem einzigen Weingut. Das preisgekr\u00f6nte di Morea Oliven\u00f6l aus Griechenland ist ein polyphenolreiches Bio-Oliven\u00f6l, das sowohl Geschmack als auch Qualit\u00e4t betont.<\/p>\n<p>Seine organoleptischen Eigenschaften zeugen von genau dieser Besonderheit des Mikroklimas einer einzigen Region, w\u00e4hrend seine Produktion in begrenzten Mengen erfolgt. Dies macht es zu einem Premium Griechisches Oliven\u00f6l mit unsch\u00e4tzbarem N\u00e4hr- und Geschmackswert.<\/p>\n","protected":false},"excerpt":{"rendered":"<p>Sortenreines Griechisches Oliven\u00f6l aus der ber\u00fchmten Sorte Koronei und einem einzigen Weingut. Das preisgekr\u00f6nte di Morea Oliven\u00f6l aus Griechenland ist ein polyphenolreiches Bio-Oliven\u00f6l, das sowohl Geschmack als auch Qualit\u00e4t betont.<\/p>\n<p>Seine organoleptischen Eigenschaften zeugen von genau dieser Besonderheit des Mikroklimas einer einzigen Region, w\u00e4hrend seine Produktion in begrenzten Mengen erfolgt. Dies macht es zu einem Premium-Oliven\u00f6l mit unsch\u00e4tzbarem N\u00e4hr- und Geschmackswert.<\/p>\n","protected":false},"featured_media":8928,"template":"","meta":{"inline_featured_image":false},"product_brand":[],"product_cat":[],"product_tag":[],"class_list":{"0":"post-8426","1":"product","2":"type-product","3":"status-publish","4":"has-post-thumbnail","7":"first","8":"instock","9":"shipping-taxable","10":"purchasable","11":"product-type-simple"},"yoast_head":"<!-- This site is optimized with the Yoast SEO plugin v27.0 - https:\/\/yoast.com\/product\/yoast-seo-wordpress\/ -->\n<title>Griechisches Oliven\u00f6l - di Morea<\/title>\n<meta name=\"description\" content=\"Das preisgekr\u00f6nte di Morea Oliven\u00f6l aus Griechenland ist ein polyphenolreiches Bio-Oliven\u00f6l, das sowohl Geschmack als auch Qualit\u00e4t betont\" \/>\n<meta name=\"robots\" content=\"index, follow, max-snippet:-1, max-image-preview:large, max-video-preview:-1\" \/>\n<link rel=\"canonical\" href=\"https:\/\/dimorea.gr\/de\/produkt\/bio-olivenol-von-morea-5l\/\" \/>\n<meta property=\"og:locale\" content=\"de_DE\" \/>\n<meta property=\"og:type\" content=\"article\" \/>\n<meta property=\"og:title\" content=\"Griechisches Oliven\u00f6l - di Morea\" \/>\n<meta property=\"og:description\" content=\"Das preisgekr\u00f6nte di Morea Oliven\u00f6l aus Griechenland ist ein polyphenolreiches Bio-Oliven\u00f6l, das sowohl Geschmack als auch Qualit\u00e4t betont\" \/>\n<meta property=\"og:url\" content=\"https:\/\/dimorea.gr\/de\/produkt\/bio-olivenol-von-morea-5l\/\" \/>\n<meta property=\"og:site_name\" content=\"di Morea\" \/>\n<meta property=\"article:publisher\" content=\"https:\/\/www.facebook.com\/dimoreaoliveoil\" \/>\n<meta property=\"article:modified_time\" content=\"2024-03-21T15:24:46+00:00\" \/>\n<meta property=\"og:image\" content=\"https:\/\/dimorea.gr\/wp-content\/uploads\/2024\/03\/01-1.jpg\" \/>\n\t<meta property=\"og:image:width\" content=\"600\" \/>\n\t<meta property=\"og:image:height\" content=\"1055\" \/>\n\t<meta property=\"og:image:type\" content=\"image\/jpeg\" \/>\n<meta name=\"twitter:card\" content=\"summary_large_image\" \/>\n<meta name=\"twitter:label1\" content=\"Gesch\u00e4tzte Lesezeit\" \/>\n\t<meta name=\"twitter:data1\" content=\"1\u00a0Minute\" \/>\n<script type=\"application\/ld+json\" class=\"yoast-schema-graph\">{\"@context\":\"https:\/\/schema.org\",\"@graph\":[{\"@type\":\"WebPage\",\"@id\":\"https:\/\/dimorea.gr\/de\/produkt\/bio-olivenol-von-morea-5l\/\",\"url\":\"https:\/\/dimorea.gr\/de\/produkt\/bio-olivenol-von-morea-5l\/\",\"name\":\"Griechisches Oliven\u00f6l - di Morea\",\"isPartOf\":{\"@id\":\"https:\/\/dimorea.gr\/#website\"},\"primaryImageOfPage\":{\"@id\":\"https:\/\/dimorea.gr\/de\/produkt\/bio-olivenol-von-morea-5l\/#primaryimage\"},\"image\":{\"@id\":\"https:\/\/dimorea.gr\/de\/produkt\/bio-olivenol-von-morea-5l\/#primaryimage\"},\"thumbnailUrl\":\"https:\/\/dimorea.gr\/wp-content\/uploads\/2024\/01\/Group-17.jpg\",\"datePublished\":\"2024-01-01T15:24:46+00:00\",\"dateModified\":\"2024-03-21T15:24:46+00:00\",\"description\":\"Das preisgekr\u00f6nte di Morea Oliven\u00f6l aus Griechenland ist ein polyphenolreiches Bio-Oliven\u00f6l, das sowohl Geschmack als auch Qualit\u00e4t betont\",\"breadcrumb\":{\"@id\":\"https:\/\/dimorea.gr\/de\/produkt\/bio-olivenol-von-morea-5l\/#breadcrumb\"},\"inLanguage\":\"de\",\"potentialAction\":[{\"@type\":\"ReadAction\",\"target\":[\"https:\/\/dimorea.gr\/de\/produkt\/bio-olivenol-von-morea-5l\/\"]}]},{\"@type\":\"ImageObject\",\"inLanguage\":\"de\",\"@id\":\"https:\/\/dimorea.gr\/de\/produkt\/bio-olivenol-von-morea-5l\/#primaryimage\",\"url\":\"https:\/\/dimorea.gr\/wp-content\/uploads\/2024\/01\/Group-17.jpg\",\"contentUrl\":\"https:\/\/dimorea.gr\/wp-content\/uploads\/2024\/01\/Group-17.jpg\",\"width\":1200,\"height\":2110},{\"@type\":\"BreadcrumbList\",\"@id\":\"https:\/\/dimorea.gr\/de\/produkt\/bio-olivenol-von-morea-5l\/#breadcrumb\",\"itemListElement\":[{\"@type\":\"ListItem\",\"position\":1,\"name\":\"\u0391\u03c1\u03c7\u03b9\u03ba\u03ae\",\"item\":\"https:\/\/dimorea.gr\/de\/\"},{\"@type\":\"ListItem\",\"position\":2,\"name\":\"Shop\",\"item\":\"https:\/\/dimorea.gr\/de\/shop\/\"},{\"@type\":\"ListItem\",\"position\":3,\"name\":\"Bio-Oliven\u00f6l von Morea | 5L\"}]},{\"@type\":\"WebSite\",\"@id\":\"https:\/\/dimorea.gr\/#website\",\"url\":\"https:\/\/dimorea.gr\/\",\"name\":\"di Morea\",\"description\":\"\",\"publisher\":{\"@id\":\"https:\/\/dimorea.gr\/#organization\"},\"potentialAction\":[{\"@type\":\"SearchAction\",\"target\":{\"@type\":\"EntryPoint\",\"urlTemplate\":\"https:\/\/dimorea.gr\/?s={search_term_string}\"},\"query-input\":{\"@type\":\"PropertyValueSpecification\",\"valueRequired\":true,\"valueName\":\"search_term_string\"}}],\"inLanguage\":\"de\"},{\"@type\":\"Organization\",\"@id\":\"https:\/\/dimorea.gr\/#organization\",\"name\":\"diMorea\",\"url\":\"https:\/\/dimorea.gr\/\",\"logo\":{\"@type\":\"ImageObject\",\"inLanguage\":\"de\",\"@id\":\"https:\/\/dimorea.gr\/#\/schema\/logo\/image\/\",\"url\":\"https:\/\/dimorea.gr\/wp-content\/uploads\/2022\/04\/logo-black-1.png\",\"contentUrl\":\"https:\/\/dimorea.gr\/wp-content\/uploads\/2022\/04\/logo-black-1.png\",\"width\":220,\"height\":52,\"caption\":\"diMorea\"},\"image\":{\"@id\":\"https:\/\/dimorea.gr\/#\/schema\/logo\/image\/\"},\"sameAs\":[\"https:\/\/www.facebook.com\/dimoreaoliveoil\",\"https:\/\/www.instagram.com\/accounts\/login\/?next=\/di_morea\/\"]}]}<\/script>\n<!-- \/ Yoast SEO plugin. -->","yoast_head_json":{"title":"Griechisches Oliven\u00f6l - di Morea","description":"Das preisgekr\u00f6nte di Morea Oliven\u00f6l aus Griechenland ist ein polyphenolreiches Bio-Oliven\u00f6l, das sowohl Geschmack als auch Qualit\u00e4t betont","robots":{"index":"index","follow":"follow","max-snippet":"max-snippet:-1","max-image-preview":"max-image-preview:large","max-video-preview":"max-video-preview:-1"},"canonical":"https:\/\/dimorea.gr\/de\/produkt\/bio-olivenol-von-morea-5l\/","og_locale":"de_DE","og_type":"article","og_title":"Griechisches Oliven\u00f6l - di Morea","og_description":"Das preisgekr\u00f6nte di Morea Oliven\u00f6l aus Griechenland ist ein polyphenolreiches Bio-Oliven\u00f6l, das sowohl Geschmack als auch Qualit\u00e4t betont","og_url":"https:\/\/dimorea.gr\/de\/produkt\/bio-olivenol-von-morea-5l\/","og_site_name":"di Morea","article_publisher":"https:\/\/www.facebook.com\/dimoreaoliveoil","article_modified_time":"2024-03-21T15:24:46+00:00","og_image":[{"width":600,"height":1055,"url":"https:\/\/dimorea.gr\/wp-content\/uploads\/2024\/03\/01-1.jpg","type":"image\/jpeg"}],"twitter_card":"summary_large_image","twitter_misc":{"Gesch\u00e4tzte Lesezeit":"1\u00a0Minute"},"schema":{"@context":"https:\/\/schema.org","@graph":[{"@type":"WebPage","@id":"https:\/\/dimorea.gr\/de\/produkt\/bio-olivenol-von-morea-5l\/","url":"https:\/\/dimorea.gr\/de\/produkt\/bio-olivenol-von-morea-5l\/","name":"Griechisches Oliven\u00f6l - di Morea","isPartOf":{"@id":"https:\/\/dimorea.gr\/#website"},"primaryImageOfPage":{"@id":"https:\/\/dimorea.gr\/de\/produkt\/bio-olivenol-von-morea-5l\/#primaryimage"},"image":{"@id":"https:\/\/dimorea.gr\/de\/produkt\/bio-olivenol-von-morea-5l\/#primaryimage"},"thumbnailUrl":"https:\/\/dimorea.gr\/wp-content\/uploads\/2024\/01\/Group-17.jpg","datePublished":"2024-01-01T15:24:46+00:00","dateModified":"2024-03-21T15:24:46+00:00","description":"Das preisgekr\u00f6nte di Morea Oliven\u00f6l aus Griechenland ist ein polyphenolreiches Bio-Oliven\u00f6l, das sowohl Geschmack als auch Qualit\u00e4t betont","breadcrumb":{"@id":"https:\/\/dimorea.gr\/de\/produkt\/bio-olivenol-von-morea-5l\/#breadcrumb"},"inLanguage":"de","potentialAction":[{"@type":"ReadAction","target":["https:\/\/dimorea.gr\/de\/produkt\/bio-olivenol-von-morea-5l\/"]}]},{"@type":"ImageObject","inLanguage":"de","@id":"https:\/\/dimorea.gr\/de\/produkt\/bio-olivenol-von-morea-5l\/#primaryimage","url":"https:\/\/dimorea.gr\/wp-content\/uploads\/2024\/01\/Group-17.jpg","contentUrl":"https:\/\/dimorea.gr\/wp-content\/uploads\/2024\/01\/Group-17.jpg","width":1200,"height":2110},{"@type":"BreadcrumbList","@id":"https:\/\/dimorea.gr\/de\/produkt\/bio-olivenol-von-morea-5l\/#breadcrumb","itemListElement":[{"@type":"ListItem","position":1,"name":"\u0391\u03c1\u03c7\u03b9\u03ba\u03ae","item":"https:\/\/dimorea.gr\/de\/"},{"@type":"ListItem","position":2,"name":"Shop","item":"https:\/\/dimorea.gr\/de\/shop\/"},{"@type":"ListItem","position":3,"name":"Bio-Oliven\u00f6l von Morea | 5L"}]},{"@type":"WebSite","@id":"https:\/\/dimorea.gr\/#website","url":"https:\/\/dimorea.gr\/","name":"di Morea","description":"","publisher":{"@id":"https:\/\/dimorea.gr\/#organization"},"potentialAction":[{"@type":"SearchAction","target":{"@type":"EntryPoint","urlTemplate":"https:\/\/dimorea.gr\/?s={search_term_string}"},"query-input":{"@type":"PropertyValueSpecification","valueRequired":true,"valueName":"search_term_string"}}],"inLanguage":"de"},{"@type":"Organization","@id":"https:\/\/dimorea.gr\/#organization","name":"diMorea","url":"https:\/\/dimorea.gr\/","logo":{"@type":"ImageObject","inLanguage":"de","@id":"https:\/\/dimorea.gr\/#\/schema\/logo\/image\/","url":"https:\/\/dimorea.gr\/wp-content\/uploads\/2022\/04\/logo-black-1.png","contentUrl":"https:\/\/dimorea.gr\/wp-content\/uploads\/2022\/04\/logo-black-1.png","width":220,"height":52,"caption":"diMorea"},"image":{"@id":"https:\/\/dimorea.gr\/#\/schema\/logo\/image\/"},"sameAs":["https:\/\/www.facebook.com\/dimoreaoliveoil","https:\/\/www.instagram.com\/accounts\/login\/?next=\/di_morea\/"]}]}},"_links":{"self":[{"href":"https:\/\/dimorea.gr\/de\/wp-json\/wp\/v2\/product\/8426","targetHints":{"allow":["GET"]}}],"collection":[{"href":"https:\/\/dimorea.gr\/de\/wp-json\/wp\/v2\/product"}],"about":[{"href":"https:\/\/dimorea.gr\/de\/wp-json\/wp\/v2\/types\/product"}],"wp:featuredmedia":[{"embeddable":true,"href":"https:\/\/dimorea.gr\/de\/wp-json\/wp\/v2\/media\/8928"}],"wp:attachment":[{"href":"https:\/\/dimorea.gr\/de\/wp-json\/wp\/v2\/media?parent=8426"}],"wp:term":[{"taxonomy":"product_brand","embeddable":true,"href":"https:\/\/dimorea.gr\/de\/wp-json\/wp\/v2\/product_brand?post=8426"},{"taxonomy":"product_cat","embeddable":true,"href":"https:\/\/dimorea.gr\/de\/wp-json\/wp\/v2\/product_cat?post=8426"},{"taxonomy":"product_tag","embeddable":true,"href":"https:\/\/dimorea.gr\/de\/wp-json\/wp\/v2\/product_tag?post=8426"}],"curies":[{"name":"wp","href":"https:\/\/api.w.org\/{rel}","templated":true}]}}